{"id":1042,"date":"2024-12-18T10:57:59","date_gmt":"2024-12-18T09:57:59","guid":{"rendered":"https:\/\/elbrokerhipotecario.com\/?page_id=1042"},"modified":"2025-08-23T16:30:08","modified_gmt":"2025-08-23T15:30:08","slug":"contact","status":"publish","type":"page","link":"https:\/\/www.elbrokerhipotecario.com\/en\/contact\/","title":{"rendered":"Contact"},"content":{"rendered":"","protected":false},"excerpt":{"rendered":"","protected":false},"author":1,"featured_media":-1,"parent":0,"menu_order":0,"comment_status":"closed","ping_status":"closed","template":"","meta":{"footnotes":""},"class_list":["post-1042","page","type-page","status-publish","has-post-thumbnail","hentry"],"yoast_head":"<!-- This site is optimized with the Yoast SEO plugin v27.2 - https:\/\/yoast.com\/product\/yoast-seo-wordpress\/ -->\n<title>Contact a Mortgage Broker | Spanish Advisors<\/title>\n<meta name=\"description\" content=\"Here you can contact the best mortgage brokers. Get any questions answered and secure the lowest-rate mortgage. We\u2019ll assess your case free of charge.\" \/>\n<meta name=\"robots\" content=\"index, follow, max-snippet:-1, max-image-preview:large, max-video-preview:-1\" \/>\n<link rel=\"canonical\" href=\"https:\/\/www.elbrokerhipotecario.com\/en\/contact\/\" \/>\n<meta property=\"og:locale\" content=\"en_US\" \/>\n<meta property=\"og:type\" content=\"article\" \/>\n<meta property=\"og:title\" content=\"Contact a Mortgage Broker | Spanish Advisors\" \/>\n<meta property=\"og:description\" content=\"Here you can contact the best mortgage brokers. Get any questions answered and secure the lowest-rate mortgage. We\u2019ll assess your case free of charge.\" \/>\n<meta property=\"og:url\" content=\"https:\/\/www.elbrokerhipotecario.com\/en\/contact\/\" \/>\n<meta property=\"og:site_name\" content=\"El Broker Hipotecario\" \/>\n<meta property=\"article:modified_time\" content=\"2025-08-23T15:30:08+00:00\" \/>\n<meta name=\"twitter:card\" content=\"summary_large_image\" \/>\n<meta name=\"twitter:title\" content=\"Contact a Mortgage Broker | Spanish Advisors\" \/>\n<meta name=\"twitter:description\" content=\"Here you can contact the best mortgage brokers. Get any questions answered and secure the lowest-rate mortgage. We\u2019ll assess your case free of charge.\" \/>\n<script type=\"application\/ld+json\" class=\"yoast-schema-graph\">{\"@context\":\"https:\/\/schema.org\",\"@graph\":[{\"@type\":\"WebPage\",\"@id\":\"https:\/\/www.elbrokerhipotecario.com\/en\/contact\/\",\"url\":\"https:\/\/www.elbrokerhipotecario.com\/en\/contact\/\",\"name\":\"Contact a Mortgage Broker | Spanish Advisors\",\"isPartOf\":{\"@id\":\"https:\/\/www.elbrokerhipotecario.com\/en\/#website\"},\"datePublished\":\"2024-12-18T09:57:59+00:00\",\"dateModified\":\"2025-08-23T15:30:08+00:00\",\"description\":\"Here you can contact the best mortgage brokers. Get any questions answered and secure the lowest-rate mortgage. We\u2019ll assess your case free of charge.\",\"breadcrumb\":{\"@id\":\"https:\/\/www.elbrokerhipotecario.com\/en\/contact\/#breadcrumb\"},\"inLanguage\":\"en-GB\",\"potentialAction\":[{\"@type\":\"ReadAction\",\"target\":[\"https:\/\/www.elbrokerhipotecario.com\/en\/contact\/\"]}]},{\"@type\":\"BreadcrumbList\",\"@id\":\"https:\/\/www.elbrokerhipotecario.com\/en\/contact\/#breadcrumb\",\"itemListElement\":[{\"@type\":\"ListItem\",\"position\":1,\"name\":\"Inicio\",\"item\":\"https:\/\/www.elbrokerhipotecario.com\/en\/simulador-hipotecas\/\"},{\"@type\":\"ListItem\",\"position\":2,\"name\":\"Contact\"}]},{\"@type\":\"WebSite\",\"@id\":\"https:\/\/www.elbrokerhipotecario.com\/en\/#website\",\"url\":\"https:\/\/www.elbrokerhipotecario.com\/en\/\",\"name\":\"Broker Hipotecario | Consigue la Mejor Hipoteca Online\",\"description\":\"\u00bfBuscando hipoteca? Te conseguimos el pr\u00e9stamo hipotecario con los intereses m\u00e1s bajos y te acompa\u00f1amos hasta la firma. Asesores hipotecarios. Estudio gratis.\",\"alternateName\":\"El Broker Hipotecario\",\"potentialAction\":[{\"@type\":\"SearchAction\",\"target\":{\"@type\":\"EntryPoint\",\"urlTemplate\":\"https:\/\/www.elbrokerhipotecario.com\/en\/?s={search_term_string}\"},\"query-input\":{\"@type\":\"PropertyValueSpecification\",\"valueRequired\":true,\"valueName\":\"search_term_string\"}}],\"inLanguage\":\"en-GB\"}]}<\/script>\n<!-- \/ Yoast SEO plugin. -->","yoast_head_json":{"title":"Contact a Mortgage Broker | Spanish Advisors","description":"Here you can contact the best mortgage brokers. Get any questions answered and secure the lowest-rate mortgage. We\u2019ll assess your case free of charge.","robots":{"index":"index","follow":"follow","max-snippet":"max-snippet:-1","max-image-preview":"max-image-preview:large","max-video-preview":"max-video-preview:-1"},"canonical":"https:\/\/www.elbrokerhipotecario.com\/en\/contact\/","og_locale":"en_US","og_type":"article","og_title":"Contact a Mortgage Broker | Spanish Advisors","og_description":"Here you can contact the best mortgage brokers. Get any questions answered and secure the lowest-rate mortgage. We\u2019ll assess your case free of charge.","og_url":"https:\/\/www.elbrokerhipotecario.com\/en\/contact\/","og_site_name":"El Broker Hipotecario","article_modified_time":"2025-08-23T15:30:08+00:00","twitter_card":"summary_large_image","twitter_title":"Contact a Mortgage Broker | Spanish Advisors","twitter_description":"Here you can contact the best mortgage brokers. Get any questions answered and secure the lowest-rate mortgage. We\u2019ll assess your case free of charge.","schema":{"@context":"https:\/\/schema.org","@graph":[{"@type":"WebPage","@id":"https:\/\/www.elbrokerhipotecario.com\/en\/contact\/","url":"https:\/\/www.elbrokerhipotecario.com\/en\/contact\/","name":"Contact a Mortgage Broker | Spanish Advisors","isPartOf":{"@id":"https:\/\/www.elbrokerhipotecario.com\/en\/#website"},"datePublished":"2024-12-18T09:57:59+00:00","dateModified":"2025-08-23T15:30:08+00:00","description":"Here you can contact the best mortgage brokers. Get any questions answered and secure the lowest-rate mortgage. We\u2019ll assess your case free of charge.","breadcrumb":{"@id":"https:\/\/www.elbrokerhipotecario.com\/en\/contact\/#breadcrumb"},"inLanguage":"en-GB","potentialAction":[{"@type":"ReadAction","target":["https:\/\/www.elbrokerhipotecario.com\/en\/contact\/"]}]},{"@type":"BreadcrumbList","@id":"https:\/\/www.elbrokerhipotecario.com\/en\/contact\/#breadcrumb","itemListElement":[{"@type":"ListItem","position":1,"name":"Inicio","item":"https:\/\/www.elbrokerhipotecario.com\/en\/simulador-hipotecas\/"},{"@type":"ListItem","position":2,"name":"Contact"}]},{"@type":"WebSite","@id":"https:\/\/www.elbrokerhipotecario.com\/en\/#website","url":"https:\/\/www.elbrokerhipotecario.com\/en\/","name":"Broker Hipotecario | Consigue la Mejor Hipoteca Online","description":"\u00bfBuscando hipoteca? Te conseguimos el pr\u00e9stamo hipotecario con los intereses m\u00e1s bajos y te acompa\u00f1amos hasta la firma. Asesores hipotecarios. Estudio gratis.","alternateName":"El Broker Hipotecario","potentialAction":[{"@type":"SearchAction","target":{"@type":"EntryPoint","urlTemplate":"https:\/\/www.elbrokerhipotecario.com\/en\/?s={search_term_string}"},"query-input":{"@type":"PropertyValueSpecification","valueRequired":true,"valueName":"search_term_string"}}],"inLanguage":"en-GB"}]}},"_links":{"self":[{"href":"https:\/\/www.elbrokerhipotecario.com\/en\/wp-json\/wp\/v2\/pages\/1042","targetHints":{"allow":["GET"]}}],"collection":[{"href":"https:\/\/www.elbrokerhipotecario.com\/en\/wp-json\/wp\/v2\/pages"}],"about":[{"href":"https:\/\/www.elbrokerhipotecario.com\/en\/wp-json\/wp\/v2\/types\/page"}],"author":[{"embeddable":true,"href":"https:\/\/www.elbrokerhipotecario.com\/en\/wp-json\/wp\/v2\/users\/1"}],"replies":[{"embeddable":true,"href":"https:\/\/www.elbrokerhipotecario.com\/en\/wp-json\/wp\/v2\/comments?post=1042"}],"version-history":[{"count":1,"href":"https:\/\/www.elbrokerhipotecario.com\/en\/wp-json\/wp\/v2\/pages\/1042\/revisions"}],"predecessor-version":[{"id":1043,"href":"https:\/\/www.elbrokerhipotecario.com\/en\/wp-json\/wp\/v2\/pages\/1042\/revisions\/1043"}],"wp:featuredmedia":[{"embeddable":true,"href":"https:\/\/www.elbrokerhipotecario.com\/en\/wp-json\/"}],"wp:attachment":[{"href":"https:\/\/www.elbrokerhipotecario.com\/en\/wp-json\/wp\/v2\/media?parent=1042"}],"curies":[{"name":"wp","href":"https:\/\/api.w.org\/{rel}","templated":true}]}}