{"id":1180,"date":"2026-03-21T19:56:51","date_gmt":"2026-03-21T18:56:51","guid":{"rendered":"https:\/\/www.elbrokerhipotecario.com\/?page_id=1180"},"modified":"2026-03-21T19:56:52","modified_gmt":"2026-03-21T18:56:52","slug":"home-2","status":"publish","type":"page","link":"https:\/\/www.elbrokerhipotecario.com\/en\/","title":{"rendered":"Home"},"content":{"rendered":"","protected":false},"excerpt":{"rendered":"","protected":false},"author":2,"featured_media":977,"parent":0,"menu_order":0,"comment_status":"open","ping_status":"closed","template":"","meta":{"footnotes":""},"class_list":["post-1180","page","type-page","status-publish","has-post-thumbnail","hentry"],"yoast_head":"<!-- This site is optimized with the Yoast SEO plugin v27.2 - https:\/\/yoast.com\/product\/yoast-seo-wordpress\/ -->\n<title>Mortgage Broker in Spain | Online Advisors<\/title>\n<meta name=\"description\" content=\"Looking for a mortgage? We\u2019ll get you the home loan with the lowest interest rates and guide you all the way to signing. Mortgage advisers. Free assessment.\" \/>\n<meta name=\"robots\" content=\"index, follow, max-snippet:-1, max-image-preview:large, max-video-preview:-1\" \/>\n<link rel=\"canonical\" href=\"https:\/\/www.elbrokerhipotecario.com\/en\/\" \/>\n<meta property=\"og:locale\" content=\"en_US\" \/>\n<meta property=\"og:type\" content=\"article\" \/>\n<meta property=\"og:title\" content=\"Mortgage Broker in Spain | Online Advisors\" \/>\n<meta property=\"og:description\" content=\"Looking for a mortgage? We\u2019ll get you the home loan with the lowest interest rates and guide you all the way to signing. Mortgage advisers. Free assessment.\" \/>\n<meta property=\"og:url\" content=\"https:\/\/www.elbrokerhipotecario.com\/en\/\" \/>\n<meta property=\"og:site_name\" content=\"El Broker Hipotecario\" \/>\n<meta property=\"article:modified_time\" content=\"2026-03-21T18:56:52+00:00\" \/>\n<meta property=\"og:image\" content=\"https:\/\/www.elbrokerhipotecario.com\/wp-content\/uploads\/2025\/01\/contratar-broker-de-hipotecas.webp\" \/>\n\t<meta property=\"og:image:width\" content=\"511\" \/>\n\t<meta property=\"og:image:height\" content=\"341\" \/>\n\t<meta property=\"og:image:type\" content=\"image\/webp\" \/>\n<meta name=\"twitter:card\" content=\"summary_large_image\" \/>\n<meta name=\"twitter:title\" content=\"Mortgage Broker in Spain | Online Advisors\" \/>\n<meta name=\"twitter:description\" content=\"Looking for a mortgage? We\u2019ll get you the home loan with the lowest interest rates and guide you all the way to signing. Mortgage advisers. Free assessment.\" \/>\n<meta name=\"twitter:image\" content=\"https:\/\/www.elbrokerhipotecario.com\/wp-content\/uploads\/2025\/01\/contratar-broker-de-hipotecas.webp\" \/>\n<meta name=\"twitter:label1\" content=\"Est. reading time\" \/>\n\t<meta name=\"twitter:data1\" content=\"1 minute\" \/>\n<script type=\"application\/ld+json\" class=\"yoast-schema-graph\">{\"@context\":\"https:\/\/schema.org\",\"@graph\":[{\"@type\":\"WebPage\",\"@id\":\"https:\/\/www.elbrokerhipotecario.com\/en\/\",\"url\":\"https:\/\/www.elbrokerhipotecario.com\/en\/\",\"name\":\"Mortgage Broker in Spain | Online Advisors\",\"isPartOf\":{\"@id\":\"https:\/\/www.elbrokerhipotecario.com\/en\/#website\"},\"primaryImageOfPage\":{\"@id\":\"https:\/\/www.elbrokerhipotecario.com\/en\/#primaryimage\"},\"image\":{\"@id\":\"https:\/\/www.elbrokerhipotecario.com\/en\/#primaryimage\"},\"thumbnailUrl\":\"https:\/\/www.elbrokerhipotecario.com\/wp-content\/uploads\/2025\/01\/contratar-broker-de-hipotecas.webp\",\"datePublished\":\"2026-03-21T18:56:51+00:00\",\"dateModified\":\"2026-03-21T18:56:52+00:00\",\"description\":\"Looking for a mortgage? We\u2019ll get you the home loan with the lowest interest rates and guide you all the way to signing. Mortgage advisers. Free assessment.\",\"breadcrumb\":{\"@id\":\"https:\/\/www.elbrokerhipotecario.com\/en\/#breadcrumb\"},\"inLanguage\":\"en-GB\",\"potentialAction\":[{\"@type\":\"ReadAction\",\"target\":[\"https:\/\/www.elbrokerhipotecario.com\/en\/\"]}]},{\"@type\":\"ImageObject\",\"inLanguage\":\"en-GB\",\"@id\":\"https:\/\/www.elbrokerhipotecario.com\/en\/#primaryimage\",\"url\":\"https:\/\/www.elbrokerhipotecario.com\/wp-content\/uploads\/2025\/01\/contratar-broker-de-hipotecas.webp\",\"contentUrl\":\"https:\/\/www.elbrokerhipotecario.com\/wp-content\/uploads\/2025\/01\/contratar-broker-de-hipotecas.webp\",\"width\":511,\"height\":341,\"caption\":\"contratar broker de hipotecas\"},{\"@type\":\"BreadcrumbList\",\"@id\":\"https:\/\/www.elbrokerhipotecario.com\/en\/#breadcrumb\",\"itemListElement\":[{\"@type\":\"ListItem\",\"position\":1,\"name\":\"Inicio\",\"item\":\"https:\/\/www.elbrokerhipotecario.com\/en\/simulador-hipotecas\/\"},{\"@type\":\"ListItem\",\"position\":2,\"name\":\"Home\"}]},{\"@type\":\"WebSite\",\"@id\":\"https:\/\/www.elbrokerhipotecario.com\/en\/#website\",\"url\":\"https:\/\/www.elbrokerhipotecario.com\/en\/\",\"name\":\"Broker Hipotecario | Consigue la Mejor Hipoteca Online\",\"description\":\"\u00bfBuscando hipoteca? Te conseguimos el pr\u00e9stamo hipotecario con los intereses m\u00e1s bajos y te acompa\u00f1amos hasta la firma. Asesores hipotecarios. Estudio gratis.\",\"alternateName\":\"El Broker Hipotecario\",\"potentialAction\":[{\"@type\":\"SearchAction\",\"target\":{\"@type\":\"EntryPoint\",\"urlTemplate\":\"https:\/\/www.elbrokerhipotecario.com\/en\/?s={search_term_string}\"},\"query-input\":{\"@type\":\"PropertyValueSpecification\",\"valueRequired\":true,\"valueName\":\"search_term_string\"}}],\"inLanguage\":\"en-GB\"}]}<\/script>\n<!-- \/ Yoast SEO plugin. -->","yoast_head_json":{"title":"Mortgage Broker in Spain | Online Advisors","description":"Looking for a mortgage? We\u2019ll get you the home loan with the lowest interest rates and guide you all the way to signing. Mortgage advisers. Free assessment.","robots":{"index":"index","follow":"follow","max-snippet":"max-snippet:-1","max-image-preview":"max-image-preview:large","max-video-preview":"max-video-preview:-1"},"canonical":"https:\/\/www.elbrokerhipotecario.com\/en\/","og_locale":"en_US","og_type":"article","og_title":"Mortgage Broker in Spain | Online Advisors","og_description":"Looking for a mortgage? We\u2019ll get you the home loan with the lowest interest rates and guide you all the way to signing. Mortgage advisers. Free assessment.","og_url":"https:\/\/www.elbrokerhipotecario.com\/en\/","og_site_name":"El Broker Hipotecario","article_modified_time":"2026-03-21T18:56:52+00:00","og_image":[{"width":511,"height":341,"url":"https:\/\/www.elbrokerhipotecario.com\/wp-content\/uploads\/2025\/01\/contratar-broker-de-hipotecas.webp","type":"image\/webp"}],"twitter_card":"summary_large_image","twitter_title":"Mortgage Broker in Spain | Online Advisors","twitter_description":"Looking for a mortgage? We\u2019ll get you the home loan with the lowest interest rates and guide you all the way to signing. Mortgage advisers. Free assessment.","twitter_image":"https:\/\/www.elbrokerhipotecario.com\/wp-content\/uploads\/2025\/01\/contratar-broker-de-hipotecas.webp","twitter_misc":{"Est. reading time":"1 minute"},"schema":{"@context":"https:\/\/schema.org","@graph":[{"@type":"WebPage","@id":"https:\/\/www.elbrokerhipotecario.com\/en\/","url":"https:\/\/www.elbrokerhipotecario.com\/en\/","name":"Mortgage Broker in Spain | Online Advisors","isPartOf":{"@id":"https:\/\/www.elbrokerhipotecario.com\/en\/#website"},"primaryImageOfPage":{"@id":"https:\/\/www.elbrokerhipotecario.com\/en\/#primaryimage"},"image":{"@id":"https:\/\/www.elbrokerhipotecario.com\/en\/#primaryimage"},"thumbnailUrl":"https:\/\/www.elbrokerhipotecario.com\/wp-content\/uploads\/2025\/01\/contratar-broker-de-hipotecas.webp","datePublished":"2026-03-21T18:56:51+00:00","dateModified":"2026-03-21T18:56:52+00:00","description":"Looking for a mortgage? We\u2019ll get you the home loan with the lowest interest rates and guide you all the way to signing. Mortgage advisers. Free assessment.","breadcrumb":{"@id":"https:\/\/www.elbrokerhipotecario.com\/en\/#breadcrumb"},"inLanguage":"en-GB","potentialAction":[{"@type":"ReadAction","target":["https:\/\/www.elbrokerhipotecario.com\/en\/"]}]},{"@type":"ImageObject","inLanguage":"en-GB","@id":"https:\/\/www.elbrokerhipotecario.com\/en\/#primaryimage","url":"https:\/\/www.elbrokerhipotecario.com\/wp-content\/uploads\/2025\/01\/contratar-broker-de-hipotecas.webp","contentUrl":"https:\/\/www.elbrokerhipotecario.com\/wp-content\/uploads\/2025\/01\/contratar-broker-de-hipotecas.webp","width":511,"height":341,"caption":"contratar broker de hipotecas"},{"@type":"BreadcrumbList","@id":"https:\/\/www.elbrokerhipotecario.com\/en\/#breadcrumb","itemListElement":[{"@type":"ListItem","position":1,"name":"Inicio","item":"https:\/\/www.elbrokerhipotecario.com\/en\/simulador-hipotecas\/"},{"@type":"ListItem","position":2,"name":"Home"}]},{"@type":"WebSite","@id":"https:\/\/www.elbrokerhipotecario.com\/en\/#website","url":"https:\/\/www.elbrokerhipotecario.com\/en\/","name":"Broker Hipotecario | Consigue la Mejor Hipoteca Online","description":"\u00bfBuscando hipoteca? Te conseguimos el pr\u00e9stamo hipotecario con los intereses m\u00e1s bajos y te acompa\u00f1amos hasta la firma. Asesores hipotecarios. Estudio gratis.","alternateName":"El Broker Hipotecario","potentialAction":[{"@type":"SearchAction","target":{"@type":"EntryPoint","urlTemplate":"https:\/\/www.elbrokerhipotecario.com\/en\/?s={search_term_string}"},"query-input":{"@type":"PropertyValueSpecification","valueRequired":true,"valueName":"search_term_string"}}],"inLanguage":"en-GB"}]}},"_links":{"self":[{"href":"https:\/\/www.elbrokerhipotecario.com\/en\/wp-json\/wp\/v2\/pages\/1180","targetHints":{"allow":["GET"]}}],"collection":[{"href":"https:\/\/www.elbrokerhipotecario.com\/en\/wp-json\/wp\/v2\/pages"}],"about":[{"href":"https:\/\/www.elbrokerhipotecario.com\/en\/wp-json\/wp\/v2\/types\/page"}],"author":[{"embeddable":true,"href":"https:\/\/www.elbrokerhipotecario.com\/en\/wp-json\/wp\/v2\/users\/2"}],"replies":[{"embeddable":true,"href":"https:\/\/www.elbrokerhipotecario.com\/en\/wp-json\/wp\/v2\/comments?post=1180"}],"version-history":[{"count":1,"href":"https:\/\/www.elbrokerhipotecario.com\/en\/wp-json\/wp\/v2\/pages\/1180\/revisions"}],"predecessor-version":[{"id":1181,"href":"https:\/\/www.elbrokerhipotecario.com\/en\/wp-json\/wp\/v2\/pages\/1180\/revisions\/1181"}],"wp:featuredmedia":[{"embeddable":true,"href":"https:\/\/www.elbrokerhipotecario.com\/en\/wp-json\/wp\/v2\/media\/977"}],"wp:attachment":[{"href":"https:\/\/www.elbrokerhipotecario.com\/en\/wp-json\/wp\/v2\/media?parent=1180"}],"curies":[{"name":"wp","href":"https:\/\/api.w.org\/{rel}","templated":true}]}}